{"id":52,"date":"2023-03-14T15:07:12","date_gmt":"2023-03-14T14:07:12","guid":{"rendered":"https:\/\/inspeeratio.ch\/weiterdenken\/?page_id=52"},"modified":"2024-05-05T22:04:32","modified_gmt":"2024-05-05T20:04:32","slug":"workshops-und-beratung","status":"publish","type":"page","link":"https:\/\/inspeeratio.ch\/weiterdenken\/workshops-und-beratung\/","title":{"rendered":"Workshops und Beratung"},"content":{"rendered":"<div class=\"wp-block-columns is-layout-flex wp-container-core-columns-is-layout-9d6595d7 wp-block-columns-is-layout-flex\">\n<div class=\"wp-block-column is-layout-flow wp-block-column-is-layout-flow\" style=\"flex-basis:1000px\">\n<h2 class=\"wp-block-heading has-text-align-center\"><strong>Inspiration, Reflexion und Beratung aus Peer-Perspektive<\/strong><\/h2>\n\n\n\n<h3 class=\"wp-block-heading has-text-align-center\">inspeeratio ist Barbara Schumacher.<\/h3>\n\n\n\n<div style=\"height:100px\" aria-hidden=\"true\" class=\"wp-block-spacer\"><\/div>\n\n\n\n<p><strong>Inspeeratio bedeutet Inspiration, Reflexion und Beratung aus differenzierter und vielf\u00e4ltiger Peer-Perspektive f\u00fcr Fachpersonen, die Psychose-Erfahrene und Stimmenh\u00f6rende auf deren Weg ins eigene, stimmigere Leben begleiten. Inspeeratio organisiert ausserdem eigene Veranstaltungen und Workshops.<\/strong><\/p>\n\n\n\n<div style=\"height:30px\" aria-hidden=\"true\" class=\"wp-block-spacer\"><\/div>\n\n\n\n<p class=\"has-large-font-size\"><strong>Mein Angebot<\/strong><\/p>\n\n\n\n<ul class=\"wp-block-list\">\n<li><strong>Workshops, Referate und Fortbildungen<\/strong> (Inhalt und Dauer k\u00f6nnen individuell und flexibel vereinbart werden \u2013 ich freue mich immer auch \u00fcber neue Themen)<\/li>\n\n\n\n<li><strong>Beratung f\u00fcr Fachpersonen<\/strong> und psychiatrische Institutionen, Wohnheime oder gesch\u00fctzte Arbeitsst\u00e4tten und andere Stellen, die mit Betroffenen arbeiten oder mit ihnen regelm\u00e4ssig in Kontakt kommen (z.B. Beh\u00f6rden, Schulen, Arbeitgeber, Polizei, IV-Stellen)<\/li>\n\n\n\n<li>Teilnahme an <strong>Supervisionen und Fallbesprechungen<\/strong><\/li>\n\n\n\n<li><strong>Veranstaltungen und Kampagnen<\/strong> (von Ideen und Konzepten \u00fcber die Organisation bis hin zur Moderation)<\/li>\n\n\n\n<li><strong>Mitarbeit in Projekten oder auch Projektleitung<\/strong><\/li>\n\n\n\n<li><strong>Texte<\/strong> (z.B. Artikel f\u00fcr (Fach-) Zeitschriften und Bulletins oder auch Buchkapitel)<\/li>\n\n\n\n<li><strong>\u00d6ffentlichkeitsarbeit, Interviews<\/strong><\/li>\n<\/ul>\n\n\n\n<p><strong>Ich freue mich auf Ihre Auftr\u00e4ge<\/strong> sowohl f\u00fcr einzelne Inputs als auch f\u00fcr mehrere; gerne auch fix vereinbart f\u00fcr regelm\u00e4ssig wiederkehrende Beratungen oder Veranstaltungen<\/p>\n\n\n\n<p><strong>zu folgenden Themen<\/strong><\/p>\n\n\n\n<ul class=\"wp-block-list\">\n<li>Psychose und Stimmenh\u00f6ren (Ursachen und Hintergr\u00fcnde, Ausl\u00f6ser-Situationen, Erleben, Sinn und Funktion, M\u00f6glichkeiten und Anregungen f\u00fcr den Genesungsweg, Chancen und Risiken, Umgang mit Diagnosen und mit Medikamenten, hilfreiche Haltung von Fachpersonen und Angeh\u00f6rigen)<\/li>\n\n\n\n<li>Recovery und Recovery-Orientierung<\/li>\n\n\n\n<li>(Selbst- und Fremd-) Stigmatisierung und Anti-Stigma-Arbeit<\/li>\n\n\n\n<li>Sensibilisierung und Reflexion der Haltung<\/li>\n\n\n\n<li>ethische Fragestellungen<\/li>\n\n\n\n<li>Peer-Arbeit<\/li>\n\n\n\n<li>Hilfreicher Umgang mit Menschen in Psychosen und Stimmenh\u00f6renden<\/li>\n\n\n\n<li>Selbsthilfe: Anregungen und M\u00f6glichkeiten, Reflexion, als Individuum und in Gruppen<\/li>\n\n\n\n<li>Empowerment und Entlastung<\/li>\n\n\n\n<li>Hochsensibilit\u00e4t im Zusammenhang mit Psychose und Stimmenh\u00f6ren und ein guter Umgang damit<\/li>\n\n\n\n<li>Spiritualit\u00e4t und Spiritual Care (z.B. Chancen und Risiken von verschiedenen Formen von Spiritualit\u00e4t f\u00fcr Psychose-Erfahrene; Fragen des Lebenssinns; trans- und interreligi\u00f6se Themen und Psychose, (z.B.) Islam; Psychose als spiritueller Prozess)<\/li>\n\n\n\n<li>Migration, interkulturelle Unterschiede und Psychose; Umgang mit Psychose weltweit und was wir davon lernen k\u00f6nnen<\/li>\n\n\n\n<li>psychische Gesundheit und Pr\u00e4vention<\/li>\n\n\n\n<li>Krisen und Umgang damit<\/li>\n\n\n\n<li>Psychosen\/Stimmenh\u00f6ren und Emotionen; Angst, Wut, Ohnmacht, Suizidalit\u00e4t und Umgang damit<\/li>\n\n\n\n<li>psychotische Symptome und Negativsymptomatik<\/li>\n\n\n\n<li>Psychose, Stimmenh\u00f6ren und Trauma<\/li>\n\n\n\n<li>Mobbing und Stimmenh\u00f6ren<\/li>\n\n\n\n<li>Psychosen und epistemische Ungerechtigkeit<\/li>\n\n\n\n<li>psychiatrische Versorgung, etablierte Alternativen und neue Wege<\/li>\n\n\n\n<li>Familien, Systeme, Dynamiken und Psychose<\/li>\n\n\n\n<li>Selbsthilfegruppen, Gruppen f\u00fcr Stimmenh\u00f6rende und Recovery-Gruppen<\/li>\n\n\n\n<li>Trialog (Psychose-Seminare und trialogische Veranstaltungen)<\/li>\n\n\n\n<li>Ausbildung, Beruf und Arbeit f\u00fcr Psychose-Erfahrene<\/li>\n\n\n\n<li>Umsetzung der Behindertenrechtskonvention bei Psychose\/Stimmenh\u00f6ren<\/li>\n\n\n\n<li>Film-\u00abEvents\u00bb (mit Dokumentar- oder Spielfilmen zu Psychose, Stimmenh\u00f6ren etc.) und Moderation der Diskussion<\/li>\n\n\n\n<li>weitere Themen<\/li>\n<\/ul>\n\n\n\n<div style=\"height:10px\" aria-hidden=\"true\" class=\"wp-block-spacer\"><\/div>\n\n\n\n<p>Honorare nach Vereinbarung.<\/p>\n\n\n\n<div style=\"height:30px\" aria-hidden=\"true\" class=\"wp-block-spacer\"><\/div>\n\n\n\n<p class=\"has-large-font-size\"><strong>Meine Erfahrungen und Kompetenzen<\/strong><\/p>\n\n\n\n<p><em>tiefgr\u00fcndig, reflektiert, engagiert, inspirierend, philosophisch, kommunikativ, mitf\u00fchlend, initiativ, empowernd, herausfordernd, klar, k\u00e4mpferisch, spirituell, krisenerfahren, schnelldenkend und manchmal etwas zu schnell sprechend (ich mache aber Fortschritte&#8230;), authentisch<\/em><\/p>\n\n\n\n<p>Ich habe mehrere Jahre in verschiedenen psychiatrischen Settings gearbeitet (Beratungsgespr\u00e4che f\u00fcr Betroffene station\u00e4r und ambulant; langj\u00e4hrige Leitung mehrerer Gruppen f\u00fcr Stimmenh\u00f6rende und einer Recovery-Gruppe; Einbringen der Betroffenen- und Peer-Perspektive f\u00fcr Fachpersonen, sei es beratend oder an Supervisionen und Qualit\u00e4tszirkeln). Ausserdem habe ich in verschiedenen Projekten mitgearbeitet und einige kleinere auch selbst initiiert, konzipiert und umgesetzt. Eigene Referate, Workshops, Filmabende, die Organisation und Moderation von Fortbildungen sowie die Teilnahme an Podiumsdiskussionen sind schon lange kein Neuland mehr f\u00fcr mich. Auch im Psychose-Seminar Z\u00fcrich und f\u00fcr ein kleines Windhorse-Projekt war ich jeweils einige Jahre engagiert.<\/p>\n\n\n\n<p>In meinem Freundeskreis gibt es Menschen mit jeder der drei trialogischen Perspektiven (Betroffene, Angeh\u00f6rige und Fachpersonen). Ich bin also selbst nicht nur Betroffene, sondern als Peer auch Fachperson und als eine Freundin auch Angeh\u00f6rige und weiss einiges \u00fcber die jeweils unterschiedlichen Herausforderungen und Belastungen. Neben den Erkenntnissen aus dem Psychose-Seminar findet also auch in mir drin manchmal ein Mini-Trialog statt. \ud83d\ude0a<\/p>\n\n\n\n<p><\/p>\n\n\n\n<p>Weitere berufliche Qualifikationen: Ich bin Ethnologin, habe mehrere Jahre als Projektkoordinatorin in der Entwicklungszusammenarbeit gearbeitet, war dort auch mit einer Kollegin zusammen zust\u00e4ndig f\u00fcr die Leitung der kleinen Gesch\u00e4ftsstelle, habe die ehrenamtliche Projektkommission koordiniert und war verantwortlich f\u00fcr die Finanzen des Hilfswerks und f\u00fcrs institutionelle Fundraising. Ich habe auch einen entsprechenden CAS an der ETH absolviert (u.a. mit Modulen zu Projektmanagement und Organisationsentwicklung). <\/p>\n\n\n\n<p>Meine Erstausbildung war eine kaufm\u00e4nnische Lehre auf einer Gemeindeverwaltung und so konnte ich mir den Lebensunterhalt w\u00e4hrend meines Studiums mit einem Nebenjob in der Administration einer kleinen Non-Profitorganisation verdienen, wo ich auch zust\u00e4ndig f\u00fcr die Ausbildung der Lernenden und die Begleitung von Praktikant*innen im administrativen Bereich war. <\/p>\n\n\n\n<p>W\u00e4hrend meiner T\u00e4tigkeit als Peer in der Psychiatrie habe ich neben vielen kleineren Fortbildungen auch eine Weiterbildung in erfahrungsfokussierter Beratung von Stimmenh\u00f6renden und entsprechendem Stimmen-Dialog sowie einen CAS in Spiritual Care der Universit\u00e4t Z\u00fcrich absolviert.<\/p>\n<\/div>\n<\/div>\n\n\n\n<div style=\"height:100px\" aria-hidden=\"true\" class=\"wp-block-spacer\"><\/div>\n\n\n\n<p class=\"has-extra-small-font-size\">\u00a9 Barbara Schumacher, inspeeratio.ch<\/p>\n\n\n\n<div style=\"height:100px\" aria-hidden=\"true\" class=\"wp-block-spacer\"><\/div>\n\n\n\n<p><strong>Menu:<\/strong><\/p>\n\n\n<nav class=\"items-justified-space-between wp-block-navigation is-content-justification-space-between is-layout-flex wp-container-core-navigation-is-layout-3d213aab wp-block-navigation-is-layout-flex\" aria-label=\"Themen-Seiten\"><ul class=\"wp-block-navigation__container items-justified-space-between wp-block-navigation\"><li class=\" wp-block-navigation-item  menu-item menu-item-type-post_type menu-item-object-page menu-item-home wp-block-navigation-link\"><a class=\"wp-block-navigation-item__content\"  href=\"https:\/\/inspeeratio.ch\/weiterdenken\/\" title=\"\"><span class=\"wp-block-navigation-item__label\">inspeeratio<\/span><\/a><\/li><li class=\" wp-block-navigation-item  menu-item menu-item-type-post_type menu-item-object-page wp-block-navigation-link\"><a class=\"wp-block-navigation-item__content\"  href=\"https:\/\/inspeeratio.ch\/weiterdenken\/inspirierende-inputs\/\" title=\"\"><span class=\"wp-block-navigation-item__label\">Inspirierende Inputs<\/span><\/a><\/li><li data-wp-context=\"{ &quot;submenuOpenedBy&quot;: { &quot;click&quot;: false, &quot;hover&quot;: false, &quot;focus&quot;: false }, &quot;type&quot;: &quot;submenu&quot;, &quot;modal&quot;: null, &quot;previousFocus&quot;: null }\" data-wp-interactive=\"core\/navigation\" data-wp-on--focusout=\"actions.handleMenuFocusout\" data-wp-on--keydown=\"actions.handleMenuKeydown\" data-wp-on--mouseenter=\"actions.openMenuOnHover\" data-wp-on--mouseleave=\"actions.closeMenuOnHover\" data-wp-watch=\"callbacks.initMenu\" tabindex=\"-1\" class=\"wp-block-navigation-item has-child open-on-hover-click  menu-item menu-item-type-post_type menu-item-object-page wp-block-navigation-submenu\"><a class=\"wp-block-navigation-item__content\" href=\"https:\/\/inspeeratio.ch\/weiterdenken\/blog\/\" title=\"\"><span class=\"wp-block-navigation-item__label\">Blog<\/span><\/a><button data-wp-bind--aria-expanded=\"state.isMenuOpen\" data-wp-on--click=\"actions.toggleMenuOnClick\" aria-label=\"Untermen\u00fc von Blog\" class=\"wp-block-navigation__submenu-icon wp-block-navigation-submenu__toggle\" ><svg xmlns=\"http:\/\/www.w3.org\/2000\/svg\" width=\"12\" height=\"12\" viewBox=\"0 0 12 12\" fill=\"none\" aria-hidden=\"true\" focusable=\"false\"><path d=\"M1.50002 4L6.00002 8L10.5 4\" stroke-width=\"1.5\"><\/path><\/svg><\/button><ul data-wp-on--focus=\"actions.openMenuOnFocus\" class=\"wp-block-navigation__submenu-container  menu-item menu-item-type-post_type menu-item-object-page wp-block-navigation-submenu\"><li class=\" wp-block-navigation-item  menu-item menu-item-type-post_type menu-item-object-post wp-block-navigation-link\"><a class=\"wp-block-navigation-item__content\"  href=\"https:\/\/inspeeratio.ch\/weiterdenken\/das-prinzip-demokratie-auch-in-der-wirtschaft\/\" title=\"\"><span class=\"wp-block-navigation-item__label\">Das Prinzip Demokratie auch in der Wirtschaft!<\/span><\/a><\/li><li class=\" wp-block-navigation-item  menu-item menu-item-type-post_type menu-item-object-post wp-block-navigation-link\"><a class=\"wp-block-navigation-item__content\"  href=\"https:\/\/inspeeratio.ch\/weiterdenken\/ein-gutes-leben-macht-sinn\/\" title=\"\"><span class=\"wp-block-navigation-item__label\">Ein gutes Leben macht Sinn!<\/span><\/a><\/li><li class=\" wp-block-navigation-item  menu-item menu-item-type-post_type menu-item-object-post wp-block-navigation-link\"><a class=\"wp-block-navigation-item__content\"  href=\"https:\/\/inspeeratio.ch\/weiterdenken\/wir-sind-alle-gaeste-auf-unserem-planeten\/\" title=\"\"><span class=\"wp-block-navigation-item__label\">Wir sind alle G\u00e4ste auf unserem Planeten!<\/span><\/a><\/li><li class=\" wp-block-navigation-item  menu-item menu-item-type-post_type menu-item-object-post wp-block-navigation-link\"><a class=\"wp-block-navigation-item__content\"  href=\"https:\/\/inspeeratio.ch\/weiterdenken\/entwicklungs-zusammenarbeit-wider-systemzwaenge\/\" title=\"\"><span class=\"wp-block-navigation-item__label\">Entwicklungs-Zusammenarbeit wider Systemzw\u00e4nge<\/span><\/a><\/li><li class=\" wp-block-navigation-item  menu-item menu-item-type-post_type menu-item-object-post wp-block-navigation-link\"><a class=\"wp-block-navigation-item__content\"  href=\"https:\/\/inspeeratio.ch\/weiterdenken\/fuer-eine-differenzierte-antwort-auf-die-umstrittenen-polizeimassnahmen-gegen-eskalierende-demonstrationen\/\" title=\"\"><span class=\"wp-block-navigation-item__label\">F\u00fcr eine differenzierte Antwort auf die umstrittenen Polizeimassnahmen gegen eskalierende Demonstrationen<\/span><\/a><\/li><li class=\" wp-block-navigation-item  menu-item menu-item-type-post_type menu-item-object-post wp-block-navigation-link\"><a class=\"wp-block-navigation-item__content\"  href=\"https:\/\/inspeeratio.ch\/weiterdenken\/inneres-gespuer-als-orientierung\/\" title=\"\"><span class=\"wp-block-navigation-item__label\">Inneres Gesp\u00fcr f\u00fcr Stimmigkeit als Orientierung<\/span><\/a><\/li><li class=\" wp-block-navigation-item  menu-item menu-item-type-post_type menu-item-object-post wp-block-navigation-link\"><a class=\"wp-block-navigation-item__content\"  href=\"https:\/\/inspeeratio.ch\/weiterdenken\/wie-ein-blatt-im-wind\/\" title=\"\"><span class=\"wp-block-navigation-item__label\">Wie ein Blatt im Wind<\/span><\/a><\/li><li class=\" wp-block-navigation-item  menu-item menu-item-type-post_type menu-item-object-post wp-block-navigation-link\"><a class=\"wp-block-navigation-item__content\"  href=\"https:\/\/inspeeratio.ch\/weiterdenken\/nein-zur-umsetzungs-vorlage-fuer-die-oecd-mindeststeuer\/\" title=\"\"><span class=\"wp-block-navigation-item__label\">Nein zur Umsetzungs-Vorlage f\u00fcr die OECD-Mindeststeuer!<\/span><\/a><\/li><\/ul><\/li><li data-wp-context=\"{ &quot;submenuOpenedBy&quot;: { &quot;click&quot;: false, &quot;hover&quot;: false, &quot;focus&quot;: false }, &quot;type&quot;: &quot;submenu&quot;, &quot;modal&quot;: null, &quot;previousFocus&quot;: null }\" data-wp-interactive=\"core\/navigation\" data-wp-on--focusout=\"actions.handleMenuFocusout\" data-wp-on--keydown=\"actions.handleMenuKeydown\" data-wp-on--mouseenter=\"actions.openMenuOnHover\" data-wp-on--mouseleave=\"actions.closeMenuOnHover\" data-wp-watch=\"callbacks.initMenu\" tabindex=\"-1\" class=\"wp-block-navigation-item has-child open-on-hover-click  menu-item menu-item-type-post_type menu-item-object-page wp-block-navigation-submenu\"><a class=\"wp-block-navigation-item__content\" href=\"https:\/\/inspeeratio.ch\/weiterdenken\/psychologie-und-psychiatrie\/\" title=\"\"><span class=\"wp-block-navigation-item__label\">Psychische Gesundheit und Genesung<\/span><\/a><button data-wp-bind--aria-expanded=\"state.isMenuOpen\" data-wp-on--click=\"actions.toggleMenuOnClick\" aria-label=\"Untermen\u00fc von Psychische Gesundheit und Genesung\" class=\"wp-block-navigation__submenu-icon wp-block-navigation-submenu__toggle\" ><svg xmlns=\"http:\/\/www.w3.org\/2000\/svg\" width=\"12\" height=\"12\" viewBox=\"0 0 12 12\" fill=\"none\" aria-hidden=\"true\" focusable=\"false\"><path d=\"M1.50002 4L6.00002 8L10.5 4\" stroke-width=\"1.5\"><\/path><\/svg><\/button><ul data-wp-on--focus=\"actions.openMenuOnFocus\" class=\"wp-block-navigation__submenu-container  menu-item menu-item-type-post_type menu-item-object-page wp-block-navigation-submenu\"><li class=\" wp-block-navigation-item  menu-item menu-item-type-post_type menu-item-object-page wp-block-navigation-link\"><a class=\"wp-block-navigation-item__content\"  href=\"https:\/\/inspeeratio.ch\/weiterdenken\/workshops-und-beratung\/\" title=\"\"><span class=\"wp-block-navigation-item__label\">Workshops und Beratung<\/span><\/a><\/li><li class=\" wp-block-navigation-item  menu-item menu-item-type-post_type menu-item-object-page wp-block-navigation-link\"><a class=\"wp-block-navigation-item__content\"  href=\"https:\/\/inspeeratio.ch\/weiterdenken\/publikationen\/\" title=\"\"><span class=\"wp-block-navigation-item__label\">Publikationen<\/span><\/a><\/li><\/ul><\/li><li class=\" wp-block-navigation-item  menu-item menu-item-type-post_type menu-item-object-page wp-block-navigation-link\"><a class=\"wp-block-navigation-item__content\"  href=\"https:\/\/inspeeratio.ch\/weiterdenken\/poetry\/\" title=\"\"><span class=\"wp-block-navigation-item__label\">Poetry<\/span><\/a><\/li><li class=\" wp-block-navigation-item  menu-item menu-item-type-post_type menu-item-object-page wp-block-navigation-link\"><a class=\"wp-block-navigation-item__content\"  href=\"https:\/\/inspeeratio.ch\/weiterdenken\/pictures\/\" title=\"\"><span class=\"wp-block-navigation-item__label\">Fotographie<\/span><\/a><\/li><li class=\" wp-block-navigation-item  menu-item menu-item-type-post_type menu-item-object-page wp-block-navigation-link\"><a class=\"wp-block-navigation-item__content\"  href=\"https:\/\/inspeeratio.ch\/weiterdenken\/ueber-mich\/\" title=\"\"><span class=\"wp-block-navigation-item__label\">\u00dcber mich<\/span><\/a><\/li><\/ul><\/nav>","protected":false},"excerpt":{"rendered":"<p>Inspiration, Reflexion und Beratung aus Peer-Perspektive inspeeratio ist Barbara Schumacher. Inspeeratio bedeutet Inspiration, Reflexion und Beratung aus differenzierter und vielf\u00e4ltiger Peer-Perspektive f\u00fcr Fachpersonen, die Psychose-Erfahrene und Stimmenh\u00f6rende auf deren Weg ins eigene, stimmigere Leben begleiten. Inspeeratio organisiert ausserdem eigene Veranstaltungen und Workshops. Mein Angebot Ich freue mich auf Ihre Auftr\u00e4ge sowohl f\u00fcr einzelne Inputs als&hellip; <a class=\"more-link\" href=\"https:\/\/inspeeratio.ch\/weiterdenken\/workshops-und-beratung\/\"><span class=\"screen-reader-text\">Workshops und Beratung<\/span> weiterlesen<\/a><\/p>\n","protected":false},"author":2,"featured_media":0,"parent":0,"menu_order":0,"comment_status":"closed","ping_status":"closed","template":"","meta":{"footnotes":""},"class_list":["post-52","page","type-page","status-publish","hentry","entry"],"_links":{"self":[{"href":"https:\/\/inspeeratio.ch\/weiterdenken\/wp-json\/wp\/v2\/pages\/52","targetHints":{"allow":["GET"]}}],"collection":[{"href":"https:\/\/inspeeratio.ch\/weiterdenken\/wp-json\/wp\/v2\/pages"}],"about":[{"href":"https:\/\/inspeeratio.ch\/weiterdenken\/wp-json\/wp\/v2\/types\/page"}],"author":[{"embeddable":true,"href":"https:\/\/inspeeratio.ch\/weiterdenken\/wp-json\/wp\/v2\/users\/2"}],"replies":[{"embeddable":true,"href":"https:\/\/inspeeratio.ch\/weiterdenken\/wp-json\/wp\/v2\/comments?post=52"}],"version-history":[{"count":30,"href":"https:\/\/inspeeratio.ch\/weiterdenken\/wp-json\/wp\/v2\/pages\/52\/revisions"}],"predecessor-version":[{"id":1336,"href":"https:\/\/inspeeratio.ch\/weiterdenken\/wp-json\/wp\/v2\/pages\/52\/revisions\/1336"}],"wp:attachment":[{"href":"https:\/\/inspeeratio.ch\/weiterdenken\/wp-json\/wp\/v2\/media?parent=52"}],"curies":[{"name":"wp","href":"https:\/\/api.w.org\/{rel}","templated":true}]}}