{"id":1053,"date":"2023-05-19T08:31:51","date_gmt":"2023-05-19T06:31:51","guid":{"rendered":"https:\/\/inspeeratio.ch\/weiterdenken\/?page_id=1053"},"modified":"2024-05-05T21:00:53","modified_gmt":"2024-05-05T19:00:53","slug":"inspirierende-inputs","status":"publish","type":"page","link":"https:\/\/inspeeratio.ch\/weiterdenken\/inspirierende-inputs\/","title":{"rendered":"Inspirierende Inputs"},"content":{"rendered":"<h2 class=\"wp-block-heading has-text-align-center\"><strong>Workshops, Projekte, Kampagnen und Beratung f\u00fcr eine &#8222;gesunde Gesellschaft&#8220;<\/strong><\/h2>\n\n\n\n<h2 class=\"wp-block-heading has-text-align-center\"><strong> sowie: Inspiration und Feedbacks etwas anders<\/strong><\/h2>\n\n\n\n<h3 class=\"wp-block-heading has-text-align-center\">inspeeratio ist Barbara Schumacher.<\/h3>\n\n\n\n<div style=\"height:100px\" aria-hidden=\"true\" class=\"wp-block-spacer\"><\/div>\n\n\n\n<figure class=\"wp-block-image size-large is-style-twentytwentyone-border\"><img loading=\"lazy\" decoding=\"async\" width=\"1024\" height=\"512\" src=\"https:\/\/inspeeratio.ch\/weiterdenken\/wp-content\/uploads\/2023\/05\/IMG_20200412_085116-1024x512.jpg\" alt=\"\" class=\"wp-image-1054\" srcset=\"https:\/\/inspeeratio.ch\/weiterdenken\/wp-content\/uploads\/2023\/05\/IMG_20200412_085116-1024x512.jpg 1024w, https:\/\/inspeeratio.ch\/weiterdenken\/wp-content\/uploads\/2023\/05\/IMG_20200412_085116-300x150.jpg 300w, https:\/\/inspeeratio.ch\/weiterdenken\/wp-content\/uploads\/2023\/05\/IMG_20200412_085116-768x384.jpg 768w, https:\/\/inspeeratio.ch\/weiterdenken\/wp-content\/uploads\/2023\/05\/IMG_20200412_085116-1536x768.jpg 1536w, https:\/\/inspeeratio.ch\/weiterdenken\/wp-content\/uploads\/2023\/05\/IMG_20200412_085116-2048x1024.jpg 2048w, https:\/\/inspeeratio.ch\/weiterdenken\/wp-content\/uploads\/2023\/05\/IMG_20200412_085116-1568x784.jpg 1568w\" sizes=\"auto, (max-width: 1024px) 100vw, 1024px\" \/><\/figure>\n\n\n\n<div style=\"height:30px\" aria-hidden=\"true\" class=\"wp-block-spacer\"><\/div>\n\n\n\n<h4 class=\"wp-block-heading\"><strong>Mein Angebot<\/strong><\/h4>\n\n\n\n<p class=\"has-yellow-background-color has-background\"><strong>Neben eigenen Workshops, Fortbildungen und Texten mit einem Fokus auf &#8222;gesunde Gesellschaft&#8220; nehme ich gerne auch Auftr\u00e4ge f\u00fcr Inputs und Beratungen oder f\u00fcr die Mitarbeit an Publikationen entgegen.<\/strong><\/p>\n\n\n\n<p> Mit Referaten, Workshops und Projekten habe ich bereits diverse Erfahrungen gesammelt. <strong>Ich bin ein philosophischer Kopf mit psychologischer Begabung und politischer Inititative, l\u00f6sungsorientiert, kreativ und mit rascher Auffassungsgabe. Als Ethnologin und langj\u00e4hrig in der Psychiatrie t\u00e4tig, ist es mir wichtig, Br\u00fccken zu bauen und vielf\u00e4ltige Erfahrungen und Perspektiven aneinander ankn\u00fcpfbar zu machen.<\/strong> Ich kann aus dem Stegreif differenziert \u00fcber diverse Themen sprechen, in denen es um Mensch und Gesellschaft geht, bereite mich fundiert darauf vor und versuche, meine Inputs ganzheitlich zu gestalten. Auch habe ich einen Sinn f\u00fcr Humor und verbl\u00fcffe manchmal mit ganz Unerwartetem. <strong>Ich bin sowohl feinf\u00fchlig als auch klar, direkt, begeisternd und k\u00e4mpferisch und bringe einen sehr diversen Erfahrungshintergrund mit. Mir ist es wichtig, die Teilnehmenden und Zuh\u00f6renden meiner Workshops oder Referate nicht nur mit differenzierten Gedanken weiterzubringen, sondern sie auch emotional zu ber\u00fchren, zu bewegen und zu Engagement angzuregen.<\/strong><\/p>\n\n\n\n<p><strong>M\u00f6gliche Themen f\u00fcr Inputs<\/strong><\/p>\n\n\n\n<ul class=\"wp-block-list\">\n<li>Zusammenh\u00e4nge zwischen Psyche und Gemeinschaft\/Gesellschaft: individuelle Erfahrungen, Pr\u00e4gungen und Emotionen und was sie zu tun haben mit: Kooperation, Konflikt, Beziehungen, Bildung, Erziehung, Gemeinschaft, Arbeit, Politik, Sozialstaat, Wirtschaft, Entwicklung<\/li>\n\n\n\n<li>menschliche Diversit\u00e4t und gelingendes Zusammenleben<\/li>\n\n\n\n<li>(angewandte) Ethik, Haltungsfragen<\/li>\n\n\n\n<li>konstruktive Kommunikation und L\u00f6sungsorientierung<\/li>\n\n\n\n<li>Werte-Orientierung und Flexibilit\u00e4t\/Ver\u00e4nderung\/gesellschaftlicher Wandel<\/li>\n\n\n\n<li>Krisenbew\u00e4ltigung &#8211; individuell und gesellschaftlich<\/li>\n\n\n\n<li>Offenheit, Akzeptanz, Wohlwollen, Kooperation versus klar Grenzen setzen und Tacheles reden<\/li>\n\n\n\n<li>Pr\u00e4vention von individuellen und gesellschaftlichen Konflikten<\/li>\n\n\n\n<li>Inklusion von Menschen mit (psychischen) Beeintr\u00e4chtigungen<\/li>\n\n\n\n<li>Integration von Migrant:innen<\/li>\n\n\n\n<li>Diskriminierung\/Ausgrenzung\/Abwertung und ihre Folgen<\/li>\n\n\n\n<li>Was Frieden mit Chancengerechtigkeit zu tun hat<\/li>\n\n\n\n<li>Ohnmacht, Trauma und Gewalt\/Krieg<\/li>\n\n\n\n<li>individuelle Entwicklung, Empowerment<\/li>\n\n\n\n<li>gesellschaftliche Entwicklung, Entwicklungszusammenarbeit<\/li>\n\n\n\n<li>ein anderer Blick auf Religion und Spiritualit\u00e4t<\/li>\n\n\n\n<li>Zu Psychose, Stimmenh\u00f6ren, Psychiatrie, Recovery und Peer-Arbeit beachten Sie bitte auch das diesbez\u00fcgliche spezifische Angebot auf dieser Website.<\/li>\n<\/ul>\n\n\n\n<p><strong>F\u00fcr Workshops, Referate und andere Inputs lohnt es sich, mit mir \u00fcber Ihr Vorhaben zu sprechen, um eine f\u00fcr Sie und Ihre Zielgruppe lohnenswerte konkrete Thematik und eine passende Gestaltung zu finden. Ich bin auch interessiert an neuen Fragestellungen, und Herausforderungen tun mir gut.<\/strong><\/p>\n\n\n\n<p>Kommen Sie mit mir ins Gespr\u00e4ch!<\/p>\n\n\n\n<p>Honorare f\u00fcr Inputs f\u00fcr Gruppen, Teams oder anderes Publikum nach Vereinbarung<\/p>\n\n\n\n<p>Bez\u00fcglich individueller Beratung, Inspiration und Feedbacks lesen Sie bitte unten weiter.<\/p>\n\n\n\n<div style=\"height:30px\" aria-hidden=\"true\" class=\"wp-block-spacer\"><\/div>\n\n\n<div class=\"wp-block-image is-style-twentytwentyone-border\">\n<figure class=\"aligncenter size-large is-resized\"><img loading=\"lazy\" decoding=\"async\" width=\"768\" height=\"1024\" src=\"https:\/\/inspeeratio.ch\/weiterdenken\/wp-content\/uploads\/2024\/04\/IMG_8540photo-768x1024.jpg\" alt=\"\" class=\"wp-image-1265\" style=\"width:390px;height:auto\" srcset=\"https:\/\/inspeeratio.ch\/weiterdenken\/wp-content\/uploads\/2024\/04\/IMG_8540photo-768x1024.jpg 768w, https:\/\/inspeeratio.ch\/weiterdenken\/wp-content\/uploads\/2024\/04\/IMG_8540photo-225x300.jpg 225w, https:\/\/inspeeratio.ch\/weiterdenken\/wp-content\/uploads\/2024\/04\/IMG_8540photo-1152x1536.jpg 1152w, https:\/\/inspeeratio.ch\/weiterdenken\/wp-content\/uploads\/2024\/04\/IMG_8540photo-1536x2048.jpg 1536w, https:\/\/inspeeratio.ch\/weiterdenken\/wp-content\/uploads\/2024\/04\/IMG_8540photo-1568x2091.jpg 1568w, https:\/\/inspeeratio.ch\/weiterdenken\/wp-content\/uploads\/2024\/04\/IMG_8540photo-scaled.jpg 1920w\" sizes=\"auto, (max-width: 768px) 100vw, 768px\" \/><\/figure>\n<\/div>\n\n\n<div style=\"height:30px\" aria-hidden=\"true\" class=\"wp-block-spacer\"><\/div>\n\n\n\n<p>Als hochsensible und vielseitig interessierte Person mit rascher Auffassungsgabe, ganz unterschiedlichen Aus- und Weiterbildungen und dem Mut, ehrlich zu sagen, was ich denke, k\u00f6nnen meine <strong>Feedbacks und Anregungen auch f\u00fcr Organisationen, Vereine, Dozierende, Texter:innen, Aktivist:innen, KMU, F\u00fchrungspersonen, Medien oder K\u00fcnstler:innen<\/strong> sehr inspirierend sein. Vielleicht sind Sie auch in Ihrem Privatleben, in Beziehung, Familie, Freundschaften oder bez\u00fcglich Ausbildung und Beruf an einem herausfordernden Punkt und w\u00fcrden gerne mit jemandem dar\u00fcber sprechen. Ich berate Sie gerne.<\/p>\n\n\n\n<p><strong>Ich denke oft &#8222;out of the box&#8220;, hinterfrage vermeintliche Selbstverst\u00e4ndlichkeiten und sehe auch Zusammenh\u00e4nge, die nicht allen auf den ersten Blick in den Sinn kommen.<\/strong> Ausserdem bin ich kreativ, l\u00f6sungsorientiert und habe eine beinahe unschlagbare Intuition und psychologisches und kommunikatives Gesp\u00fcr.<\/p>\n\n\n\n<p class=\"has-yellow-background-color has-background\">Das Angebot ist flexibel: Sie erz\u00e4hlen mir, was Sie besch\u00e4ftigt, wor\u00fcber sie eine Aussensicht w\u00fcnschen oder zeigen mir den Text, ihr Produkt oder ihre Kunstwerke und ich sage Ihnen, was ich dar\u00fcber denke. Sie bekommen meine kritischen Feedbacks ebenso wie inspirierende Ideen und Anregungen.<\/p>\n\n\n\n<p>Wir treffen uns in einem Caf\u00e9, in Ihrem Sitzungszimmer oder nehmen uns einfach am Telefon eine Stunde Zeit. Sie bezahlen mir, was Ihnen die Sache wert war, minimal 100 CHF pro Stunde f\u00fcr die Feedback-\/Inspirations-Beratungssitzung und allf\u00e4llige Vorbereitungs- (wenn ich im Voraus etwas anschauen\/lesen sollte) und Reisezeit sowie allf\u00e4llige Spesen.<\/p>\n\n\n\n<p>Ich freue mich auf Ihre Anfrage via Kontaktformular!<\/p>\n\n\n\n<div style=\"height:100px\" aria-hidden=\"true\" class=\"wp-block-spacer\"><\/div>\n\n\n\n<p class=\"has-extra-small-font-size\">\u00a9 Barbara Schumacher, inspeeratio.ch<\/p>\n\n\n\n<div style=\"height:100px\" aria-hidden=\"true\" class=\"wp-block-spacer\"><\/div>\n\n\n\n<p><strong>Menu:<\/strong><\/p>\n\n\n<nav class=\"items-justified-space-between wp-block-navigation is-content-justification-space-between is-layout-flex wp-container-core-navigation-is-layout-3d213aab wp-block-navigation-is-layout-flex\" aria-label=\"Themen-Seiten\"><ul class=\"wp-block-navigation__container items-justified-space-between wp-block-navigation\"><li class=\" wp-block-navigation-item  menu-item menu-item-type-post_type menu-item-object-page menu-item-home wp-block-navigation-link\"><a class=\"wp-block-navigation-item__content\"  href=\"https:\/\/inspeeratio.ch\/weiterdenken\/\" title=\"\"><span class=\"wp-block-navigation-item__label\">inspeeratio<\/span><\/a><\/li><li class=\" wp-block-navigation-item  menu-item menu-item-type-post_type menu-item-object-page wp-block-navigation-link\"><a class=\"wp-block-navigation-item__content\"  href=\"https:\/\/inspeeratio.ch\/weiterdenken\/inspirierende-inputs\/\" title=\"\"><span class=\"wp-block-navigation-item__label\">Inspirierende Inputs<\/span><\/a><\/li><li data-wp-context=\"{ &quot;submenuOpenedBy&quot;: { &quot;click&quot;: false, &quot;hover&quot;: false, &quot;focus&quot;: false }, &quot;type&quot;: &quot;submenu&quot;, &quot;modal&quot;: null, &quot;previousFocus&quot;: null }\" data-wp-interactive=\"core\/navigation\" data-wp-on--focusout=\"actions.handleMenuFocusout\" data-wp-on--keydown=\"actions.handleMenuKeydown\" data-wp-on--mouseenter=\"actions.openMenuOnHover\" data-wp-on--mouseleave=\"actions.closeMenuOnHover\" data-wp-watch=\"callbacks.initMenu\" tabindex=\"-1\" class=\"wp-block-navigation-item has-child open-on-hover-click  menu-item menu-item-type-post_type menu-item-object-page wp-block-navigation-submenu\"><a class=\"wp-block-navigation-item__content\" href=\"https:\/\/inspeeratio.ch\/weiterdenken\/blog\/\" title=\"\"><span class=\"wp-block-navigation-item__label\">Blog<\/span><\/a><button data-wp-bind--aria-expanded=\"state.isMenuOpen\" data-wp-on--click=\"actions.toggleMenuOnClick\" aria-label=\"Untermen\u00fc von Blog\" class=\"wp-block-navigation__submenu-icon wp-block-navigation-submenu__toggle\" ><svg xmlns=\"http:\/\/www.w3.org\/2000\/svg\" width=\"12\" height=\"12\" viewBox=\"0 0 12 12\" fill=\"none\" aria-hidden=\"true\" focusable=\"false\"><path d=\"M1.50002 4L6.00002 8L10.5 4\" stroke-width=\"1.5\"><\/path><\/svg><\/button><ul data-wp-on--focus=\"actions.openMenuOnFocus\" class=\"wp-block-navigation__submenu-container  menu-item menu-item-type-post_type menu-item-object-page wp-block-navigation-submenu\"><li class=\" wp-block-navigation-item  menu-item menu-item-type-post_type menu-item-object-post wp-block-navigation-link\"><a class=\"wp-block-navigation-item__content\"  href=\"https:\/\/inspeeratio.ch\/weiterdenken\/das-prinzip-demokratie-auch-in-der-wirtschaft\/\" title=\"\"><span class=\"wp-block-navigation-item__label\">Das Prinzip Demokratie auch in der Wirtschaft!<\/span><\/a><\/li><li class=\" wp-block-navigation-item  menu-item menu-item-type-post_type menu-item-object-post wp-block-navigation-link\"><a class=\"wp-block-navigation-item__content\"  href=\"https:\/\/inspeeratio.ch\/weiterdenken\/ein-gutes-leben-macht-sinn\/\" title=\"\"><span class=\"wp-block-navigation-item__label\">Ein gutes Leben macht Sinn!<\/span><\/a><\/li><li class=\" wp-block-navigation-item  menu-item menu-item-type-post_type menu-item-object-post wp-block-navigation-link\"><a class=\"wp-block-navigation-item__content\"  href=\"https:\/\/inspeeratio.ch\/weiterdenken\/wir-sind-alle-gaeste-auf-unserem-planeten\/\" title=\"\"><span class=\"wp-block-navigation-item__label\">Wir sind alle G\u00e4ste auf unserem Planeten!<\/span><\/a><\/li><li class=\" wp-block-navigation-item  menu-item menu-item-type-post_type menu-item-object-post wp-block-navigation-link\"><a class=\"wp-block-navigation-item__content\"  href=\"https:\/\/inspeeratio.ch\/weiterdenken\/entwicklungs-zusammenarbeit-wider-systemzwaenge\/\" title=\"\"><span class=\"wp-block-navigation-item__label\">Entwicklungs-Zusammenarbeit wider Systemzw\u00e4nge<\/span><\/a><\/li><li class=\" wp-block-navigation-item  menu-item menu-item-type-post_type menu-item-object-post wp-block-navigation-link\"><a class=\"wp-block-navigation-item__content\"  href=\"https:\/\/inspeeratio.ch\/weiterdenken\/fuer-eine-differenzierte-antwort-auf-die-umstrittenen-polizeimassnahmen-gegen-eskalierende-demonstrationen\/\" title=\"\"><span class=\"wp-block-navigation-item__label\">F\u00fcr eine differenzierte Antwort auf die umstrittenen Polizeimassnahmen gegen eskalierende Demonstrationen<\/span><\/a><\/li><li class=\" wp-block-navigation-item  menu-item menu-item-type-post_type menu-item-object-post wp-block-navigation-link\"><a class=\"wp-block-navigation-item__content\"  href=\"https:\/\/inspeeratio.ch\/weiterdenken\/inneres-gespuer-als-orientierung\/\" title=\"\"><span class=\"wp-block-navigation-item__label\">Inneres Gesp\u00fcr f\u00fcr Stimmigkeit als Orientierung<\/span><\/a><\/li><li class=\" wp-block-navigation-item  menu-item menu-item-type-post_type menu-item-object-post wp-block-navigation-link\"><a class=\"wp-block-navigation-item__content\"  href=\"https:\/\/inspeeratio.ch\/weiterdenken\/wie-ein-blatt-im-wind\/\" title=\"\"><span class=\"wp-block-navigation-item__label\">Wie ein Blatt im Wind<\/span><\/a><\/li><li class=\" wp-block-navigation-item  menu-item menu-item-type-post_type menu-item-object-post wp-block-navigation-link\"><a class=\"wp-block-navigation-item__content\"  href=\"https:\/\/inspeeratio.ch\/weiterdenken\/nein-zur-umsetzungs-vorlage-fuer-die-oecd-mindeststeuer\/\" title=\"\"><span class=\"wp-block-navigation-item__label\">Nein zur Umsetzungs-Vorlage f\u00fcr die OECD-Mindeststeuer!<\/span><\/a><\/li><\/ul><\/li><li data-wp-context=\"{ &quot;submenuOpenedBy&quot;: { &quot;click&quot;: false, &quot;hover&quot;: false, &quot;focus&quot;: false }, &quot;type&quot;: &quot;submenu&quot;, &quot;modal&quot;: null, &quot;previousFocus&quot;: null }\" data-wp-interactive=\"core\/navigation\" data-wp-on--focusout=\"actions.handleMenuFocusout\" data-wp-on--keydown=\"actions.handleMenuKeydown\" data-wp-on--mouseenter=\"actions.openMenuOnHover\" data-wp-on--mouseleave=\"actions.closeMenuOnHover\" data-wp-watch=\"callbacks.initMenu\" tabindex=\"-1\" class=\"wp-block-navigation-item has-child open-on-hover-click  menu-item menu-item-type-post_type menu-item-object-page wp-block-navigation-submenu\"><a class=\"wp-block-navigation-item__content\" href=\"https:\/\/inspeeratio.ch\/weiterdenken\/psychologie-und-psychiatrie\/\" title=\"\"><span class=\"wp-block-navigation-item__label\">Psychische Gesundheit und Genesung<\/span><\/a><button data-wp-bind--aria-expanded=\"state.isMenuOpen\" data-wp-on--click=\"actions.toggleMenuOnClick\" aria-label=\"Untermen\u00fc von Psychische Gesundheit und Genesung\" class=\"wp-block-navigation__submenu-icon wp-block-navigation-submenu__toggle\" ><svg xmlns=\"http:\/\/www.w3.org\/2000\/svg\" width=\"12\" height=\"12\" viewBox=\"0 0 12 12\" fill=\"none\" aria-hidden=\"true\" focusable=\"false\"><path d=\"M1.50002 4L6.00002 8L10.5 4\" stroke-width=\"1.5\"><\/path><\/svg><\/button><ul data-wp-on--focus=\"actions.openMenuOnFocus\" class=\"wp-block-navigation__submenu-container  menu-item menu-item-type-post_type menu-item-object-page wp-block-navigation-submenu\"><li class=\" wp-block-navigation-item  menu-item menu-item-type-post_type menu-item-object-page wp-block-navigation-link\"><a class=\"wp-block-navigation-item__content\"  href=\"https:\/\/inspeeratio.ch\/weiterdenken\/workshops-und-beratung\/\" title=\"\"><span class=\"wp-block-navigation-item__label\">Workshops und Beratung<\/span><\/a><\/li><li class=\" wp-block-navigation-item  menu-item menu-item-type-post_type menu-item-object-page wp-block-navigation-link\"><a class=\"wp-block-navigation-item__content\"  href=\"https:\/\/inspeeratio.ch\/weiterdenken\/publikationen\/\" title=\"\"><span class=\"wp-block-navigation-item__label\">Publikationen<\/span><\/a><\/li><\/ul><\/li><li class=\" wp-block-navigation-item  menu-item menu-item-type-post_type menu-item-object-page wp-block-navigation-link\"><a class=\"wp-block-navigation-item__content\"  href=\"https:\/\/inspeeratio.ch\/weiterdenken\/poetry\/\" title=\"\"><span class=\"wp-block-navigation-item__label\">Poetry<\/span><\/a><\/li><li class=\" wp-block-navigation-item  menu-item menu-item-type-post_type menu-item-object-page wp-block-navigation-link\"><a class=\"wp-block-navigation-item__content\"  href=\"https:\/\/inspeeratio.ch\/weiterdenken\/pictures\/\" title=\"\"><span class=\"wp-block-navigation-item__label\">Fotographie<\/span><\/a><\/li><li class=\" wp-block-navigation-item  menu-item menu-item-type-post_type menu-item-object-page wp-block-navigation-link\"><a class=\"wp-block-navigation-item__content\"  href=\"https:\/\/inspeeratio.ch\/weiterdenken\/ueber-mich\/\" title=\"\"><span class=\"wp-block-navigation-item__label\">\u00dcber mich<\/span><\/a><\/li><\/ul><\/nav>","protected":false},"excerpt":{"rendered":"<p>Workshops, Projekte, Kampagnen und Beratung f\u00fcr eine &#8222;gesunde Gesellschaft&#8220; sowie: Inspiration und Feedbacks etwas anders inspeeratio ist Barbara Schumacher. Mein Angebot Neben eigenen Workshops, Fortbildungen und Texten mit einem Fokus auf &#8222;gesunde Gesellschaft&#8220; nehme ich gerne auch Auftr\u00e4ge f\u00fcr Inputs und Beratungen oder f\u00fcr die Mitarbeit an Publikationen entgegen. Mit Referaten, Workshops und Projekten habe&hellip; <a class=\"more-link\" href=\"https:\/\/inspeeratio.ch\/weiterdenken\/inspirierende-inputs\/\"><span class=\"screen-reader-text\">Inspirierende Inputs<\/span> weiterlesen<\/a><\/p>\n","protected":false},"author":2,"featured_media":0,"parent":0,"menu_order":0,"comment_status":"closed","ping_status":"closed","template":"","meta":{"footnotes":""},"class_list":["post-1053","page","type-page","status-publish","hentry","entry"],"_links":{"self":[{"href":"https:\/\/inspeeratio.ch\/weiterdenken\/wp-json\/wp\/v2\/pages\/1053","targetHints":{"allow":["GET"]}}],"collection":[{"href":"https:\/\/inspeeratio.ch\/weiterdenken\/wp-json\/wp\/v2\/pages"}],"about":[{"href":"https:\/\/inspeeratio.ch\/weiterdenken\/wp-json\/wp\/v2\/types\/page"}],"author":[{"embeddable":true,"href":"https:\/\/inspeeratio.ch\/weiterdenken\/wp-json\/wp\/v2\/users\/2"}],"replies":[{"embeddable":true,"href":"https:\/\/inspeeratio.ch\/weiterdenken\/wp-json\/wp\/v2\/comments?post=1053"}],"version-history":[{"count":28,"href":"https:\/\/inspeeratio.ch\/weiterdenken\/wp-json\/wp\/v2\/pages\/1053\/revisions"}],"predecessor-version":[{"id":1323,"href":"https:\/\/inspeeratio.ch\/weiterdenken\/wp-json\/wp\/v2\/pages\/1053\/revisions\/1323"}],"wp:attachment":[{"href":"https:\/\/inspeeratio.ch\/weiterdenken\/wp-json\/wp\/v2\/media?parent=1053"}],"curies":[{"name":"wp","href":"https:\/\/api.w.org\/{rel}","templated":true}]}}